{"id":538,"date":"2026-03-04T12:02:06","date_gmt":"2026-03-04T12:02:06","guid":{"rendered":"https:\/\/smartphat.com\/?post_type=product&#038;p=538"},"modified":"2026-05-15T22:33:40","modified_gmt":"2026-05-15T15:33:40","slug":"bench-top-uv-test-chamber","status":"publish","type":"product","link":"https:\/\/smartphat.com\/en\/bench-top-uv-test-chamber\/","title":{"rendered":"Bench-top UV test chamber"},"content":{"rendered":"<h3><b>Specification<\/b><\/h3>\n<p>&nbsp;<\/p>\n<p data-start=\"23\" data-end=\"62\"><strong data-start=\"23\" data-end=\"62\">Bench-top UV test chamber Features:<\/strong><\/p>\n<p>&nbsp;<\/p>\n<ul data-start=\"64\" data-end=\"609\">\n<li data-section-id=\"1m6jb5v\" data-start=\"64\" data-end=\"198\">Touch screen and user-friendly operation interface allow handlers set the test parameters and monitor all the test process easily.<\/li>\n<\/ul>\n<p>&nbsp;<\/p>\n<ul data-start=\"64\" data-end=\"609\">\n<li data-section-id=\"19vvy91\" data-start=\"199\" data-end=\"290\">Equipped with professional UV lamps who has high irradiance energy: 0.90W\/m\u00b2 (New lamp)<\/li>\n<\/ul>\n<p>&nbsp;<\/p>\n<ul data-start=\"64\" data-end=\"609\">\n<li data-section-id=\"pijkln\" data-start=\"291\" data-end=\"503\">Full stainless steel inner working room with sandwich design, never getting rusty and leakage. Also prevent water vapour coming from working room from entering electrical box and<\/li>\n<\/ul>\n<p>&nbsp;<\/p>\n<ul data-start=\"64\" data-end=\"609\">\n<li data-section-id=\"pijkln\" data-start=\"291\" data-end=\"503\">damaging electron components.<\/li>\n<\/ul>\n<p>&nbsp;<\/p>\n<ul data-start=\"64\" data-end=\"609\">\n<li data-section-id=\"s758f1\" data-start=\"504\" data-end=\"609\">Built-in water level switch, it will alarm and stop running automatically when under low water level.<\/li>\n<\/ul>\n<p>&nbsp;<\/p>\n<p><strong>Bench-top UV test chamber Main Technical Parameters<\/strong><\/p>\n<p>&nbsp;<\/p>\n<ul data-start=\"119\" data-end=\"646\">\n<li data-section-id=\"9nu0la\" data-start=\"119\" data-end=\"142\">Total power: 1.2 KW<\/li>\n<\/ul>\n<p>&nbsp;<\/p>\n<ul data-start=\"119\" data-end=\"646\">\n<li data-section-id=\"l2n1mi\" data-start=\"143\" data-end=\"178\">Power voltage: 220\u00b122V\/50\u00b10.5Hz<\/li>\n<\/ul>\n<p>&nbsp;<\/p>\n<ul data-start=\"119\" data-end=\"646\">\n<li data-section-id=\"3y5mq4\" data-start=\"179\" data-end=\"220\">Setable range of test time: 1h\uff5e9,999h<\/li>\n<\/ul>\n<p>&nbsp;<\/p>\n<ul data-start=\"119\" data-end=\"646\">\n<li data-section-id=\"e3p8g\" data-start=\"221\" data-end=\"267\">Setable range of spray time: 1min-9,999min<\/li>\n<\/ul>\n<p>&nbsp;<\/p>\n<ul data-start=\"119\" data-end=\"646\">\n<li data-section-id=\"9crrhb\" data-start=\"268\" data-end=\"323\">Setable range of spray interval time: 1min-9,999min<\/li>\n<\/ul>\n<p>&nbsp;<\/p>\n<ul data-start=\"119\" data-end=\"646\">\n<li data-section-id=\"9rsiry\" data-start=\"324\" data-end=\"354\">Rated life of lamp: 1,000h<\/li>\n<\/ul>\n<p>&nbsp;<\/p>\n<ul data-start=\"119\" data-end=\"646\">\n<li data-section-id=\"w2oz3t\" data-start=\"355\" data-end=\"421\">Wave length of lamps: 340 nm (UVA Lamps) or 313 nm (UVB Lamps)<\/li>\n<\/ul>\n<p>&nbsp;<\/p>\n<ul data-start=\"119\" data-end=\"646\">\n<li data-section-id=\"1nzflph\" data-start=\"422\" data-end=\"462\">Lamp power: 3 pcs; each lamp is 20 W<\/li>\n<\/ul>\n<p>&nbsp;<\/p>\n<ul data-start=\"119\" data-end=\"646\">\n<li data-section-id=\"yp1cr4\" data-start=\"463\" data-end=\"487\">Spray water: \u22652L\/min<\/li>\n<\/ul>\n<p>&nbsp;<\/p>\n<ul data-start=\"119\" data-end=\"646\">\n<li data-section-id=\"s60sd8\" data-start=\"488\" data-end=\"545\">Capacity for test panels: 18 pcs standard size panels<\/li>\n<\/ul>\n<p>&nbsp;<\/p>\n<ul data-start=\"119\" data-end=\"646\">\n<li data-section-id=\"77hb8\" data-start=\"546\" data-end=\"585\">Specification of sample: 150mm\u00d770mm<\/li>\n<\/ul>\n<p>&nbsp;<\/p>\n<ul data-start=\"119\" data-end=\"646\">\n<li data-section-id=\"1je68e5\" data-start=\"586\" data-end=\"625\">Cabinet Size: 930\u00d7460\u00d7630mm (L\u00d7D\u00d7H)<\/li>\n<\/ul>\n<p>&nbsp;<\/p>\n<ul data-start=\"119\" data-end=\"646\">\n<li data-section-id=\"jl09wk\" data-start=\"626\" data-end=\"646\">Net Weight: 72kg<\/li>\n<\/ul>","protected":false},"excerpt":{"rendered":"<p>\u0e40\u0e04\u0e23\u0e37\u0e48\u0e2d\u0e07\u0e17\u0e14\u0e2a\u0e2d\u0e1a\u0e23\u0e31\u0e07\u0e2a\u0e35\u0e22\u0e39\u0e27\u0e35\u0e41\u0e1a\u0e1a\u0e15\u0e31\u0e49\u0e07\u0e42\u0e15\u0e4a\u0e30 \u0e40\u0e04\u0e23\u0e37\u0e48\u0e2d\u0e07\u0e17\u0e14\u0e2a\u0e2d\u0e1a\u0e2d\u0e32\u0e22\u0e38\u0e01\u0e32\u0e23\u0e43\u0e0a\u0e49\u0e07\u0e32\u0e19\u0e14\u0e49\u0e27\u0e22\u0e2b\u0e25\u0e2d\u0e14 UV \u0e41\u0e1a\u0e1a\u0e15\u0e31\u0e49\u0e07\u0e42\u0e15\u0e4a\u0e30 \u0e40\u0e1b\u0e47\u0e19\u0e40\u0e04\u0e23\u0e37\u0e48\u0e2d\u0e07\u0e08\u0e31\u0e01\u0e23\u0e17\u0e35\u0e48\u0e1b\u0e23\u0e30\u0e2b\u0e22\u0e31\u0e14\u0e41\u0e25\u0e30\u0e43\u0e0a\u0e49\u0e07\u0e32\u0e19\u0e07\u0e48\u0e32\u0e22 \u0e0b\u0e36\u0e48\u0e07\u0e2a\u0e32\u0e21\u0e32\u0e23\u0e16\u0e15\u0e2d\u0e1a\u0e2a\u0e19\u0e2d\u0e07\u0e04\u0e27\u0e32\u0e21\u0e15\u0e49\u0e2d\u0e07\u0e01\u0e32\u0e23\u0e02\u0e2d\u0e07\u0e25\u0e39\u0e01\u0e04\u0e49\u0e32\u0e1a\u0e32\u0e07\u0e01\u0e25\u0e38\u0e48\u0e21\u0e44\u0e14\u0e49 \u0e21\u0e32\u0e1e\u0e23\u0e49\u0e2d\u0e21\u0e01\u0e31\u0e1a\u0e2b\u0e25\u0e2d\u0e14 UV \u0e02\u0e19\u0e32\u0e14 20W \u0e08\u0e33\u0e19\u0e27\u0e19 3 \u0e2b\u0e25\u0e2d\u0e14\u0e40\u0e1b\u0e47\u0e19\u0e41\u0e2b\u0e25\u0e48\u0e07\u0e01\u0e33\u0e40\u0e19\u0e34\u0e14\u0e41\u0e2a\u0e07 \u0e1c\u0e39\u0e49\u0e43\u0e0a\u0e49\u0e07\u0e32\u0e19\u0e2a\u0e32\u0e21\u0e32\u0e23\u0e16\u0e15\u0e31\u0e49\u0e07\u0e04\u0e48\u0e32\u0e23\u0e30\u0e22\u0e30\u0e40\u0e27\u0e25\u0e32\u0e01\u0e32\u0e23\u0e09\u0e32\u0e22\u0e41\u0e2a\u0e07\u0e17\u0e31\u0e49\u0e07\u0e2b\u0e21\u0e14, \u0e2d\u0e38\u0e13\u0e2b\u0e20\u0e39\u0e21\u0e34, \u0e40\u0e27\u0e25\u0e32\u0e1e\u0e48\u0e19\u0e2a\u0e40\u0e1b\u0e23\u0e22\u0e4c \u0e41\u0e25\u0e30\u0e2d\u0e37\u0e48\u0e19 \u0e46 \u0e40\u0e1e\u0e37\u0e48\u0e2d\u0e08\u0e33\u0e25\u0e2d\u0e07\u0e2a\u0e20\u0e32\u0e1e\u0e41\u0e27\u0e14\u0e25\u0e49\u0e2d\u0e21\u0e17\u0e32\u0e07\u0e18\u0e23\u0e23\u0e21\u0e0a\u0e32\u0e15\u0e34\u0e17\u0e35\u0e48\u0e08\u0e30\u0e01\u0e48\u0e2d\u0e43\u0e2b\u0e49\u0e40\u0e01\u0e34\u0e14\u0e1b\u0e31\u0e08\u0e08\u0e31\u0e22\u0e04\u0e27\u0e32\u0e21\u0e40\u0e2a\u0e35\u0e22\u0e2b\u0e32\u0e22\u0e15\u0e48\u0e2d\u0e15\u0e31\u0e27\u0e2d\u0e22\u0e48\u0e32\u0e07\u0e44\u0e14\u0e49 \u0e40\u0e04\u0e23\u0e37\u0e48\u0e2d\u0e07\u0e17\u0e14\u0e2a\u0e2d\u0e1a\u0e2a\u0e20\u0e32\u0e1e\u0e2d\u0e32\u0e01\u0e32\u0e28\u0e08\u0e33\u0e25\u0e2d\u0e07\u0e14\u0e49\u0e27\u0e22\u0e23\u0e31\u0e07\u0e2a\u0e35\u0e22\u0e39\u0e27\u0e35\u0e41\u0e1a\u0e1a\u0e15\u0e31\u0e49\u0e07\u0e42\u0e15\u0e4a\u0e30 \u0e19\u0e35\u0e49\u0e2a\u0e32\u0e21\u0e32\u0e23\u0e16\u0e23\u0e2d\u0e07\u0e23\u0e31\u0e1a\u0e41\u0e1c\u0e07\u0e15\u0e31\u0e27\u0e2d\u0e22\u0e48\u0e32\u0e07\u0e21\u0e32\u0e15\u0e23\u0e10\u0e32\u0e19\u0e44\u0e14\u0e49 18 \u0e0a\u0e34\u0e49\u0e19 (\u0e02\u0e19\u0e32\u0e14 150\u00d770 \u0e21\u0e21.) \u0e15\u0e31\u0e27\u0e2d\u0e22\u0e48\u0e32\u0e07\u0e08\u0e30\u0e16\u0e39\u0e01\u0e15\u0e34\u0e14\u0e15\u0e31\u0e49\u0e07\u0e1a\u0e19\u0e0a\u0e31\u0e49\u0e19\u0e27\u0e32\u0e07\u0e15\u0e31\u0e27\u0e2d\u0e22\u0e48\u0e32\u0e07\u0e41\u0e1a\u0e1a\u0e2b\u0e21\u0e38\u0e19\u0e17\u0e23\u0e07\u0e01\u0e23\u0e30\u0e1a\u0e2d\u0e01 \u0e43\u0e19\u0e23\u0e30\u0e2b\u0e27\u0e48\u0e32\u0e07\u0e01\u0e32\u0e23\u0e17\u0e14\u0e2a\u0e2d\u0e1a \u0e0a\u0e31\u0e49\u0e19\u0e27\u0e32\u0e07\u0e15\u0e31\u0e27\u0e2d\u0e22\u0e48\u0e32\u0e07\u0e08\u0e30\u0e2b\u0e21\u0e38\u0e19\u0e2d\u0e22\u0e48\u0e32\u0e07\u0e2a\u0e21\u0e48\u0e33\u0e40\u0e2a\u0e21\u0e2d\u0e40\u0e1e\u0e37\u0e48\u0e2d\u0e43\u0e2b\u0e49\u0e21\u0e31\u0e48\u0e19\u0e43\u0e08\u0e27\u0e48\u0e32\u0e15\u0e31\u0e27\u0e2d\u0e22\u0e48\u0e32\u0e07\u0e17\u0e38\u0e01\u0e0a\u0e34\u0e49\u0e19\u0e44\u0e14\u0e49\u0e23\u0e31\u0e1a\u0e1e\u0e25\u0e31\u0e07\u0e07\u0e32\u0e19\u0e04\u0e27\u0e32\u0e21\u0e40\u0e02\u0e49\u0e21\u0e23\u0e31\u0e07\u0e2a\u0e35\u0e40\u0e17\u0e48\u0e32\u0e01\u0e31\u0e19<\/p>","protected":false},"featured_media":1684,"template":"","meta":[],"product_brand":[34],"product_cat":[16],"product_tag":[54,42,19,20],"class_list":{"0":"post-538","1":"product","2":"type-product","3":"status-publish","4":"has-post-thumbnail","6":"product_brand-sanwood","7":"product_cat-tester","8":"product_tag-54","9":"product_tag-paper-pulp-cardboard-packaging","10":"product_tag-plastic","11":"product_tag-rubber","13":"first","14":"instock","15":"shipping-taxable","16":"product-type-simple"},"_links":{"self":[{"href":"https:\/\/smartphat.com\/en\/wp-json\/wp\/v2\/product\/538","targetHints":{"allow":["GET"]}}],"collection":[{"href":"https:\/\/smartphat.com\/en\/wp-json\/wp\/v2\/product"}],"about":[{"href":"https:\/\/smartphat.com\/en\/wp-json\/wp\/v2\/types\/product"}],"wp:featuredmedia":[{"embeddable":true,"href":"https:\/\/smartphat.com\/en\/wp-json\/wp\/v2\/media\/1684"}],"wp:attachment":[{"href":"https:\/\/smartphat.com\/en\/wp-json\/wp\/v2\/media?parent=538"}],"wp:term":[{"taxonomy":"product_brand","embeddable":true,"href":"https:\/\/smartphat.com\/en\/wp-json\/wp\/v2\/product_brand?post=538"},{"taxonomy":"product_cat","embeddable":true,"href":"https:\/\/smartphat.com\/en\/wp-json\/wp\/v2\/product_cat?post=538"},{"taxonomy":"product_tag","embeddable":true,"href":"https:\/\/smartphat.com\/en\/wp-json\/wp\/v2\/product_tag?post=538"}],"curies":[{"name":"wp","href":"https:\/\/api.w.org\/{rel}","templated":true}]}}