{"id":539,"date":"2026-03-04T12:02:06","date_gmt":"2026-03-04T12:02:06","guid":{"rendered":"https:\/\/smartphat.com\/?post_type=product&#038;p=539"},"modified":"2026-05-15T22:33:48","modified_gmt":"2026-05-15T15:33:48","slug":"bench-top-xenon-lamp-test-chamber","status":"publish","type":"product","link":"https:\/\/smartphat.com\/en\/bench-top-xenon-lamp-test-chamber\/","title":{"rendered":"Bench-top Xenon Lamp Test Chamber"},"content":{"rendered":"<h3><b>Specification<\/b><\/h3>\n<p>&nbsp;<\/p>\n<p><strong data-start=\"122\" data-end=\"137\">Xenon Lamp :<\/strong> one 1.8KW xenon lamp (imported from America or Chinese lamp)<\/p>\n<p>&nbsp;<\/p>\n<p><strong data-start=\"203\" data-end=\"214\">Filter :<\/strong> Extended UV filter (Also can choose daylight filter or window glass filter)<\/p>\n<p>&nbsp;<\/p>\n<p><strong data-start=\"296\" data-end=\"327\">Irradiance monitor methods : <\/strong>340nm or 420nm (Narrow band) or 300nm~400nm (Broad band) (Choose anyone before ordering)<\/p>\n<p>&nbsp;<\/p>\n<p><strong data-start=\"428\" data-end=\"446\">Lamp lifetime :<\/strong> Near 1,500 hours<\/p>\n<p>&nbsp;<\/p>\n<p><strong data-start=\"469\" data-end=\"487\">Exposure Area :<\/strong> 1,000 cm\u00b2 (can put 9 standard samples 150\u00d770mm)<\/p>\n<p>&nbsp;<\/p>\n<p data-section-id=\"boofbs\" data-start=\"546\" data-end=\"582\"><span role=\"text\"><strong data-start=\"550\" data-end=\"582\">Adjustable Irradiance Range :<\/strong><\/span><\/p>\n<p>&nbsp;<\/p>\n<p><strong data-start=\"586\" data-end=\"603\">Chinese lamp :<\/strong><br data-start=\"603\" data-end=\"606\" \/>30W\/m\u00b2 ~ 100W\/m\u00b2 (300nm~400nm)<br data-start=\"638\" data-end=\"641\" \/>or 0.3W\/m\u00b2 ~ 0.8W\/m\u00b2 @340nm<br data-start=\"670\" data-end=\"673\" \/>or 0.5W\/m\u00b2 ~ 1.5W\/m\u00b2 @420nm<\/p>\n<p>&nbsp;<\/p>\n<p><strong data-start=\"708\" data-end=\"726\">American lamp :<\/strong><br data-start=\"726\" data-end=\"729\" \/>50W\/m\u00b2 ~ 120W\/m\u00b2 (300nm~400nm)<br data-start=\"761\" data-end=\"764\" \/>or 0.3W\/m\u00b2 ~ 1.0W\/m\u00b2 @340nm<br data-start=\"793\" data-end=\"796\" \/>or 0.5W\/m\u00b2 ~ 1.8W\/m\u00b2 @420nm<\/p>\n<p>&nbsp;<\/p>\n<p><strong data-start=\"836\" data-end=\"881\">Adjustable Black Board Temperature Range : <\/strong>RT +30\u00b0C ~ 90\u00b0C (Depends on environment temperature and setting irradiance value)<\/p>\n<p>&nbsp;<\/p>\n<p><strong data-start=\"975\" data-end=\"1008\">Interior Material of Chamber :\u00a0<\/strong> Stainless steel SUS304<\/p>\n<p>&nbsp;<\/p>\n<p><strong data-start=\"1036\" data-end=\"1069\">Exterior Material of Chamber :<\/strong> Powder coating<\/p>\n<p>&nbsp;<\/p>\n<p><strong data-start=\"1090\" data-end=\"1107\">Overall Size :<\/strong> 950\u00d7570\u00d7535 mm (L\u00d7W\u00d7H)<\/p>\n<p>&nbsp;<\/p>\n<p><strong data-start=\"1135\" data-end=\"1150\">Net Weight :<\/strong> 93KG (130KG Gross weight)<\/p>\n<p>&nbsp;<\/p>\n<p><strong data-start=\"1182\" data-end=\"1199\">Power Supply <\/strong><strong data-start=\"1182\" data-end=\"1199\">:<\/strong><br data-start=\"1199\" data-end=\"1202\" \/>220V 50\/60Hz<br data-start=\"1216\" data-end=\"1219\" \/>Max. Current 16A<br data-start=\"1237\" data-end=\"1240\" \/>Max. Power 2.6KW<\/p>","protected":false},"excerpt":{"rendered":"<p>\u0e40\u0e04\u0e23\u0e37\u0e48\u0e2d\u0e07\u0e17\u0e14\u0e2a\u0e2d\u0e1a\u0e41\u0e2a\u0e07\u0e0b\u0e35\u0e19\u0e2d\u0e19\u0e41\u0e1a\u0e1a\u0e15\u0e31\u0e49\u0e07\u0e42\u0e15\u0e4a\u0e30 \u0e40\u0e04\u0e23\u0e37\u0e48\u0e2d\u0e07\u0e17\u0e14\u0e2a\u0e2d\u0e1a\u0e02\u0e19\u0e32\u0e14\u0e40\u0e25\u0e47\u0e01 \u0e43\u0e0a\u0e49\u0e07\u0e32\u0e19\u0e07\u0e48\u0e32\u0e22 \u0e41\u0e25\u0e30\u0e1b\u0e23\u0e30\u0e2b\u0e22\u0e31\u0e14\u0e1e\u0e25\u0e31\u0e07\u0e07\u0e32\u0e19 \u0e43\u0e0a\u0e49\u0e2b\u0e25\u0e2d\u0e14\u0e44\u0e1f\u0e0b\u0e35\u0e19\u0e2d\u0e19\u0e23\u0e30\u0e1a\u0e32\u0e22\u0e04\u0e27\u0e32\u0e21\u0e23\u0e49\u0e2d\u0e19\u0e14\u0e49\u0e27\u0e22\u0e2d\u0e32\u0e01\u0e32\u0e28\u0e01\u0e33\u0e25\u0e31\u0e07\u0e44\u0e1f\u0e15\u0e48\u0e33 \u0e40\u0e1e\u0e37\u0e48\u0e2d\u0e2a\u0e23\u0e49\u0e32\u0e07\u0e1e\u0e25\u0e31\u0e07\u0e07\u0e32\u0e19\u0e04\u0e27\u0e32\u0e21\u0e40\u0e02\u0e49\u0e21\u0e23\u0e31\u0e07\u0e2a\u0e35\u0e2a\u0e39\u0e07\u0e43\u0e19\u0e1e\u0e37\u0e49\u0e19\u0e17\u0e35\u0e48\u0e02\u0e19\u0e32\u0e14\u0e40\u0e25\u0e47\u0e01\u0e44\u0e14\u0e49 \u0e19\u0e2d\u0e01\u0e08\u0e32\u0e01\u0e19\u0e35\u0e49 \u0e23\u0e30\u0e1a\u0e1a\u0e2a\u0e30\u0e17\u0e49\u0e2d\u0e19\u0e41\u0e2a\u0e07\u0e41\u0e1a\u0e1a\u0e1e\u0e34\u0e40\u0e28\u0e29\u0e22\u0e31\u0e07\u0e0a\u0e48\u0e27\u0e22\u0e43\u0e2b\u0e49\u0e41\u0e19\u0e48\u0e43\u0e08\u0e27\u0e48\u0e32\u0e15\u0e31\u0e27\u0e2d\u0e22\u0e48\u0e32\u0e07\u0e17\u0e14\u0e2a\u0e2d\u0e1a\u0e17\u0e38\u0e01\u0e0a\u0e34\u0e49\u0e19\u0e44\u0e14\u0e49\u0e23\u0e31\u0e1a\u0e23\u0e31\u0e07\u0e2a\u0e35\u0e17\u0e35\u0e48\u0e2a\u0e21\u0e48\u0e33\u0e40\u0e2a\u0e21\u0e2d\u0e40\u0e17\u0e48\u0e32\u0e01\u0e31\u0e19 \u0e2b\u0e49\u0e2d\u0e07\u0e17\u0e14\u0e2a\u0e2d\u0e1a\u0e19\u0e35\u0e49\u0e21\u0e32\u0e1e\u0e23\u0e49\u0e2d\u0e21\u0e01\u0e31\u0e1a\u0e1f\u0e34\u0e25\u0e40\u0e15\u0e2d\u0e23\u0e4c\u0e22\u0e39\u0e27\u0e35\u0e1e\u0e34\u0e40\u0e28\u0e29 (extended UV filters) \u0e17\u0e35\u0e48\u0e22\u0e2d\u0e21\u0e43\u0e2b\u0e49\u0e23\u0e31\u0e07\u0e2a\u0e35\u0e22\u0e39\u0e27\u0e35\u0e17\u0e35\u0e48\u0e21\u0e35\u0e04\u0e27\u0e32\u0e21\u0e22\u0e32\u0e27\u0e04\u0e25\u0e37\u0e48\u0e19\u0e2a\u0e31\u0e49\u0e19\u0e01\u0e27\u0e48\u0e32\u0e41\u0e2a\u0e07\u0e2d\u0e32\u0e17\u0e34\u0e15\u0e22\u0e4c\u0e1b\u0e01\u0e15\u0e34\u0e2a\u0e48\u0e2d\u0e07\u0e1c\u0e48\u0e32\u0e19\u0e44\u0e14\u0e49 (\u0e0b\u0e36\u0e48\u0e07\u0e40\u0e17\u0e35\u0e22\u0e1a\u0e40\u0e17\u0e48\u0e32\u0e01\u0e31\u0e1a\u0e01\u0e32\u0e23\u0e08\u0e33\u0e25\u0e2d\u0e07\u0e41\u0e2a\u0e07\u0e2d\u0e32\u0e17\u0e34\u0e15\u0e22\u0e4c\u0e17\u0e35\u0e48\u0e44\u0e21\u0e48\u0e44\u0e14\u0e49\u0e1c\u0e48\u0e32\u0e19\u0e0a\u0e31\u0e49\u0e19\u0e1a\u0e23\u0e23\u0e22\u0e32\u0e01\u0e32\u0e28) \u0e1f\u0e34\u0e25\u0e40\u0e15\u0e2d\u0e23\u0e4c\u0e19\u0e35\u0e49\u0e16\u0e39\u0e01\u0e43\u0e0a\u0e49\u0e40\u0e1e\u0e37\u0e48\u0e2d\u0e40\u0e23\u0e48\u0e07\u0e1c\u0e25\u0e01\u0e32\u0e23\u0e17\u0e14\u0e2a\u0e2d\u0e1a\u0e43\u0e2b\u0e49\u0e40\u0e23\u0e47\u0e27\u0e02\u0e36\u0e49\u0e19\u0e2b\u0e23\u0e37\u0e2d\u0e17\u0e33\u0e43\u0e2b\u0e49\u0e01\u0e32\u0e23\u0e17\u0e14\u0e2a\u0e2d\u0e1a\u0e21\u0e35\u0e04\u0e27\u0e32\u0e21\u0e23\u0e38\u0e19\u0e41\u0e23\u0e07\u0e21\u0e32\u0e01\u0e02\u0e36\u0e49\u0e19 \u0e01\u0e32\u0e23\u0e17\u0e14\u0e2a\u0e2d\u0e1a\u0e19\u0e35\u0e49\u0e08\u0e36\u0e07\u0e40\u0e23\u0e35\u0e22\u0e01\u0e27\u0e48\u0e32 &#8220;\u0e01\u0e32\u0e23\u0e17\u0e14\u0e2a\u0e2d\u0e1a\u0e2a\u0e20\u0e32\u0e1e\u0e2d\u0e32\u0e01\u0e32\u0e28\u0e41\u0e1a\u0e1a\u0e40\u0e23\u0e48\u0e07\u0e04\u0e27\u0e32\u0e21\u0e40\u0e23\u0e47\u0e27&#8221;<\/p>","protected":false},"featured_media":1700,"template":"","meta":[],"product_brand":[34],"product_cat":[16],"product_tag":[54,42,19,20],"class_list":{"0":"post-539","1":"product","2":"type-product","3":"status-publish","4":"has-post-thumbnail","6":"product_brand-sanwood","7":"product_cat-tester","8":"product_tag-54","9":"product_tag-paper-pulp-cardboard-packaging","10":"product_tag-plastic","11":"product_tag-rubber","13":"first","14":"instock","15":"shipping-taxable","16":"product-type-simple"},"_links":{"self":[{"href":"https:\/\/smartphat.com\/en\/wp-json\/wp\/v2\/product\/539","targetHints":{"allow":["GET"]}}],"collection":[{"href":"https:\/\/smartphat.com\/en\/wp-json\/wp\/v2\/product"}],"about":[{"href":"https:\/\/smartphat.com\/en\/wp-json\/wp\/v2\/types\/product"}],"wp:featuredmedia":[{"embeddable":true,"href":"https:\/\/smartphat.com\/en\/wp-json\/wp\/v2\/media\/1700"}],"wp:attachment":[{"href":"https:\/\/smartphat.com\/en\/wp-json\/wp\/v2\/media?parent=539"}],"wp:term":[{"taxonomy":"product_brand","embeddable":true,"href":"https:\/\/smartphat.com\/en\/wp-json\/wp\/v2\/product_brand?post=539"},{"taxonomy":"product_cat","embeddable":true,"href":"https:\/\/smartphat.com\/en\/wp-json\/wp\/v2\/product_cat?post=539"},{"taxonomy":"product_tag","embeddable":true,"href":"https:\/\/smartphat.com\/en\/wp-json\/wp\/v2\/product_tag?post=539"}],"curies":[{"name":"wp","href":"https:\/\/api.w.org\/{rel}","templated":true}]}}