{"id":571,"date":"2026-03-04T12:02:11","date_gmt":"2026-03-04T12:02:11","guid":{"rendered":"https:\/\/smartphat.com\/?post_type=product&#038;p=571"},"modified":"2026-03-27T17:07:49","modified_gmt":"2026-03-27T17:07:49","slug":"jis-heat-sealer","status":"publish","type":"product","link":"https:\/\/smartphat.com\/en\/jis-heat-sealer\/","title":{"rendered":"JIS HEAT SEALER | 213"},"content":{"rendered":"<h3><b>Specification<\/b><\/h3>\n<p>&nbsp;<\/p>\n<p><b><strong>Seal Plate<\/strong>: <\/b>20 \u00d7 40 mm \u00d7 3 line or 20 \u00d7 180 \u00d7 1 line<\/p>\n<p>&nbsp;<\/p>\n<p><b><strong>Temperature Range\u00a0 <\/strong>:<\/b> Max. 300 \u00b0C<br \/>\n*The surface flatness will only be ensured at the specified temperature.<\/p>\n<p>&nbsp;<\/p>\n<p><strong>Pressing Method : <\/strong>Weight Loading, Opening 8 mm<\/p>\n<p>&nbsp;<\/p>\n<p><strong>Load Pressure : <\/strong>49 to 294 kPa (0.5 to 3.0 kgf\/cm2)<\/p>\n<p>&nbsp;<\/p>\n<p><strong>Timer : <\/strong>Max. 99.99 sec<\/p>\n<p>&nbsp;<\/p>\n<p><strong>Accessories: <\/strong>Foot Switch<\/p>\n<p>&nbsp;<\/p>\n<p><strong>Power Source: <\/strong>AC 100 V, 1-Phase, 10 A, 50\/60 Hz<\/p>\n<p>&nbsp;<\/p>\n<p><strong>Dimensions\/ Weight (Approximate): <\/strong>W750 \u00d7 D350 \u00d7 H670 mm, 65 kg<\/p>","protected":false},"excerpt":{"rendered":"<p>\u0e40\u0e04\u0e23\u0e37\u0e48\u0e2d\u0e07\u0e17\u0e14\u0e2a\u0e2d\u0e1a\u0e01\u0e32\u0e23\u0e0b\u0e35\u0e25\u0e14\u0e49\u0e27\u0e22\u0e04\u0e27\u0e32\u0e21\u0e23\u0e49\u0e2d\u0e19\u0e02\u0e2d\u0e07\u0e40\u0e0b\u0e25\u0e42\u0e25\u0e40\u0e1f\u0e19 \u0e1f\u0e34\u0e25\u0e4c\u0e21\u0e1e\u0e25\u0e32\u0e2a\u0e15\u0e34\u0e01 \u0e40\u0e04\u0e23\u0e37\u0e48\u0e2d\u0e07\u0e17\u0e14\u0e2a\u0e2d\u0e1a\u0e19\u0e35\u0e49\u0e43\u0e0a\u0e49\u0e2a\u0e33\u0e2b\u0e23\u0e31\u0e1a\u0e01\u0e32\u0e23\u0e0b\u0e35\u0e25\u0e14\u0e49\u0e27\u0e22\u0e04\u0e27\u0e32\u0e21\u0e23\u0e49\u0e2d\u0e19\u0e02\u0e2d\u0e07\u0e40\u0e0b\u0e25\u0e42\u0e25\u0e40\u0e1f\u0e19 \u0e1f\u0e34\u0e25\u0e4c\u0e21\u0e1e\u0e25\u0e32\u0e2a\u0e15\u0e34\u0e01 \u0e2f\u0e25\u0e2f \u0e15\u0e32\u0e21\u0e21\u0e32\u0e15\u0e23\u0e10\u0e32\u0e19 JIS \u0e42\u0e14\u0e22\u0e2a\u0e32\u0e21\u0e32\u0e23\u0e16\u0e43\u0e2b\u0e49\u0e41\u0e23\u0e07\u0e01\u0e14\u0e17\u0e35\u0e48\u0e41\u0e21\u0e48\u0e19\u0e22\u0e33\u0e1c\u0e48\u0e32\u0e19\u0e01\u0e32\u0e23\u0e43\u0e0a\u0e49\u0e41\u0e23\u0e07\u0e01\u0e14\u0e08\u0e32\u0e01\u0e19\u0e49\u0e33\u0e2b\u0e19\u0e31\u0e01\u0e17\u0e35\u0e48\u0e01\u0e33\u0e2b\u0e19\u0e14\u0e25\u0e07\u0e1a\u0e19\u0e15\u0e31\u0e27\u0e2d\u0e22\u0e48\u0e32\u0e07\u0e17\u0e14\u0e2a\u0e2d\u0e1a<\/p>","protected":false},"featured_media":1455,"template":"","meta":[],"product_brand":[17],"product_cat":[16],"product_tag":[48,19,20,45],"class_list":{"0":"post-571","1":"product","2":"type-product","3":"status-publish","4":"has-post-thumbnail","6":"product_brand-yasuda-seiki","7":"product_cat-tester","8":"product_tag-48","9":"product_tag-plastic","10":"product_tag-rubber","11":"product_tag-tape-film","13":"first","14":"instock","15":"shipping-taxable","16":"product-type-simple"},"_links":{"self":[{"href":"https:\/\/smartphat.com\/en\/wp-json\/wp\/v2\/product\/571","targetHints":{"allow":["GET"]}}],"collection":[{"href":"https:\/\/smartphat.com\/en\/wp-json\/wp\/v2\/product"}],"about":[{"href":"https:\/\/smartphat.com\/en\/wp-json\/wp\/v2\/types\/product"}],"wp:featuredmedia":[{"embeddable":true,"href":"https:\/\/smartphat.com\/en\/wp-json\/wp\/v2\/media\/1455"}],"wp:attachment":[{"href":"https:\/\/smartphat.com\/en\/wp-json\/wp\/v2\/media?parent=571"}],"wp:term":[{"taxonomy":"product_brand","embeddable":true,"href":"https:\/\/smartphat.com\/en\/wp-json\/wp\/v2\/product_brand?post=571"},{"taxonomy":"product_cat","embeddable":true,"href":"https:\/\/smartphat.com\/en\/wp-json\/wp\/v2\/product_cat?post=571"},{"taxonomy":"product_tag","embeddable":true,"href":"https:\/\/smartphat.com\/en\/wp-json\/wp\/v2\/product_tag?post=571"}],"curies":[{"name":"wp","href":"https:\/\/api.w.org\/{rel}","templated":true}]}}