{"id":649,"date":"2026-03-04T12:02:22","date_gmt":"2026-03-04T12:02:22","guid":{"rendered":"https:\/\/smartphat.com\/?post_type=product&#038;p=649"},"modified":"2026-03-27T13:56:39","modified_gmt":"2026-03-27T13:56:39","slug":"paint-film-drawing-tester","status":"publish","type":"product","link":"https:\/\/smartphat.com\/en\/paint-film-drawing-tester\/","title":{"rendered":"PAINT Film DRAWING TESTER  | 519"},"content":{"rendered":"<h3><b>Specification<\/b><\/h3>\n<p>&nbsp;<\/p>\n<p><b><strong>Specimen Base<\/strong> : <\/b>154 \u00d7 120 mm<\/p>\n<p>&nbsp;<\/p>\n<p><b><strong>Stroke <\/strong>:<\/b> \u03c6Max. 72 mm<\/p>\n<p>&nbsp;<\/p>\n<p><b><strong>Drawing <\/strong>: <\/b>Spiral \u03c610 mm or \u03c69 mm, Spacing 2.5 mm<\/p>\n<p>&nbsp;<\/p>\n<p><b><strong>Weight Load<\/strong> <\/b><span style=\"font-weight: 400;\">: Initial 100 g to Max. 2,000 \uff47 (Standard 500 gf)<\/span><\/p>\n<p>&nbsp;<\/p>\n<p><b><strong>Needle <\/strong>: <\/b>\u03c63 \u00b1 0.05 mm, L23 \u00b1 1 mm, Top Angle 60 \u00b1 5\u00b0<\/p>\n<p>&nbsp;<\/p>\n<p><strong>Option: <\/strong>Heating Plate Spec, Conduction Device<\/p>\n<p>&nbsp;<\/p>\n<p><strong>Power Source: <\/strong>AC 100 V, 1-Phase, 1 A, 50\/60 Hz<\/p>\n<p>&nbsp;<\/p>\n<p><strong>Dimensions\/ Weight (Approximate): <\/strong>Tester Body: W365 \u00d7 D140 \u00d7 H300 mm, 8 kg Conduction Device: W250 \u00d7 D360 \u00d7 H250 mm, 5 kg<\/p>","protected":false},"excerpt":{"rendered":"<p>\u0e40\u0e04\u0e23\u0e37\u0e48\u0e2d\u0e07\u0e17\u0e14\u0e2a\u0e2d\u0e1a\u0e04\u0e27\u0e32\u0e21\u0e22\u0e36\u0e14\u0e40\u0e01\u0e32\u0e30\u0e02\u0e2d\u0e07\u0e1f\u0e34\u0e25\u0e4c\u0e21\u0e40\u0e04\u0e25\u0e37\u0e2d\u0e1a\u0e40\u0e23\u0e0b\u0e34\u0e19\u0e1f\u0e25\u0e39\u0e2d\u0e2d\u0e23\u0e35\u0e19\u0e1a\u0e19\u0e1e\u0e37\u0e49\u0e19\u0e1c\u0e34\u0e27\u0e42\u0e25\u0e2b\u0e30 \u0e2a\u0e33\u0e2b\u0e23\u0e31\u0e1a\u0e1b\u0e23\u0e30\u0e40\u0e21\u0e34\u0e19\u0e04\u0e27\u0e32\u0e21\u0e22\u0e36\u0e14\u0e40\u0e01\u0e32\u0e30\u0e02\u0e2d\u0e07\u0e1f\u0e34\u0e25\u0e4c\u0e21\u0e40\u0e04\u0e25\u0e37\u0e2d\u0e1a\u0e40\u0e23\u0e0b\u0e34\u0e19\u0e1f\u0e25\u0e39\u0e2d\u0e2d\u0e23\u0e35\u0e19\u0e1a\u0e19\u0e1e\u0e37\u0e49\u0e19\u0e1c\u0e34\u0e27\u0e42\u0e25\u0e2b\u0e30 \u0e42\u0e14\u0e22\u0e43\u0e0a\u0e49\u0e27\u0e34\u0e18\u0e35\u0e01\u0e32\u0e23\u0e17\u0e14\u0e2a\u0e2d\u0e1a\u0e41\u0e1a\u0e1a\u0e25\u0e32\u0e01\u0e40\u0e2a\u0e49\u0e19 \u0e1c\u0e39\u0e49\u0e43\u0e0a\u0e49\u0e07\u0e32\u0e19\u0e08\u0e30\u0e25\u0e32\u0e01\u0e40\u0e2a\u0e49\u0e19\u0e40\u0e01\u0e25\u0e35\u0e22\u0e27 25 \u0e04\u0e23\u0e31\u0e49\u0e07\u0e1a\u0e19\u0e1e\u0e37\u0e49\u0e19\u0e1c\u0e34\u0e27\u0e1f\u0e34\u0e25\u0e4c\u0e21\u0e40\u0e04\u0e25\u0e37\u0e2d\u0e1a\u0e14\u0e49\u0e27\u0e22\u0e40\u0e02\u0e47\u0e21\u0e40\u0e2b\u0e25\u0e47\u0e01 \u0e1e\u0e23\u0e49\u0e2d\u0e21\u0e01\u0e31\u0e1a\u0e01\u0e32\u0e23\u0e43\u0e0a\u0e49\u0e41\u0e23\u0e07\u0e01\u0e14\u0e17\u0e35\u0e48\u0e01\u0e33\u0e2b\u0e19\u0e14 \u0e40\u0e1e\u0e37\u0e48\u0e2d\u0e1b\u0e23\u0e30\u0e40\u0e21\u0e34\u0e19\u0e04\u0e27\u0e32\u0e21\u0e22\u0e36\u0e14\u0e40\u0e01\u0e32\u0e30\u0e02\u0e2d\u0e07\u0e1f\u0e34\u0e25\u0e4c\u0e21\u0e40\u0e04\u0e25\u0e37\u0e2d\u0e1a<\/p>","protected":false},"featured_media":1331,"template":"","meta":[],"product_brand":[17],"product_cat":[16],"product_tag":[48,43],"class_list":{"0":"post-649","1":"product","2":"type-product","3":"status-publish","4":"has-post-thumbnail","6":"product_brand-yasuda-seiki","7":"product_cat-tester","8":"product_tag-48","9":"product_tag-dyeing-paint-pigment-ink","11":"first","12":"instock","13":"shipping-taxable","14":"product-type-simple"},"_links":{"self":[{"href":"https:\/\/smartphat.com\/en\/wp-json\/wp\/v2\/product\/649","targetHints":{"allow":["GET"]}}],"collection":[{"href":"https:\/\/smartphat.com\/en\/wp-json\/wp\/v2\/product"}],"about":[{"href":"https:\/\/smartphat.com\/en\/wp-json\/wp\/v2\/types\/product"}],"wp:featuredmedia":[{"embeddable":true,"href":"https:\/\/smartphat.com\/en\/wp-json\/wp\/v2\/media\/1331"}],"wp:attachment":[{"href":"https:\/\/smartphat.com\/en\/wp-json\/wp\/v2\/media?parent=649"}],"wp:term":[{"taxonomy":"product_brand","embeddable":true,"href":"https:\/\/smartphat.com\/en\/wp-json\/wp\/v2\/product_brand?post=649"},{"taxonomy":"product_cat","embeddable":true,"href":"https:\/\/smartphat.com\/en\/wp-json\/wp\/v2\/product_cat?post=649"},{"taxonomy":"product_tag","embeddable":true,"href":"https:\/\/smartphat.com\/en\/wp-json\/wp\/v2\/product_tag?post=649"}],"curies":[{"name":"wp","href":"https:\/\/api.w.org\/{rel}","templated":true}]}}