{"id":681,"date":"2026-03-04T12:02:25","date_gmt":"2026-03-04T12:02:25","guid":{"rendered":"https:\/\/smartphat.com\/?post_type=product&#038;p=681"},"modified":"2026-03-27T17:27:34","modified_gmt":"2026-03-27T17:27:34","slug":"taber-type-abrasion-tester","status":"publish","type":"product","link":"https:\/\/smartphat.com\/en\/taber-type-abrasion-tester\/","title":{"rendered":"TABER TYPE ABRASION TESTER |  101-H"},"content":{"rendered":"<h3><b>Specification<\/b><\/h3>\n<p>&nbsp;<\/p>\n<p><b>Model : <\/b>No.101-H-1 , No.101-H-2<\/p>\n<p>&nbsp;<\/p>\n<p><b><strong>Turntable <\/strong>: <\/b>Diameter 150 mm, sample holding ring (screw type)<\/p>\n<p>&nbsp;<\/p>\n<p><b><strong>Rotational Speed<\/strong>: <\/b>Adjustable via motor speed controller 60 \u00b1 2 rpm, 70\u00b12 rpm, 72\u00b12 rpm<\/p>\n<p>&nbsp;<\/p>\n<p><b><strong>Test Load <\/strong>:<\/b>2.45 N (250 gf), 4.9 N (500 gf), 9.8 N (1,000 gf)<\/p>\n<p>&nbsp;<\/p>\n<p><b><strong>Counter<\/strong> <\/b><span style=\"font-weight: 400;\">: 6-digit preset counter<\/span><\/p>\n<p>&nbsp;<\/p>\n<p><b><strong>Vacuum System<\/strong> :<\/b>One vacuum cleaner Two vacuum nozzles (inner \u03c68 mm), with height adjusting mechanism Suction force control knob<\/p>\n<p class=\"p1\">,Two vacuum cleaners Two vacuum nozzles (inner \u03c68 mm), with height adjusting mechanism Suction force control knob<\/p>\n<p>&nbsp;<\/p>\n<p><b><strong>Safety Devices <\/strong>: <\/b>Motor overload protection circuit, circuit protector (main power)<\/p>\n<p>&nbsp;<\/p>\n<p><b><strong>Accessories <\/strong>: <\/b>Abrading wheels (1 set), rubber mat (t2 mm), nozzle height gauge (t1.5 mm, 1set) , Abrading wheels (2 sets), rubber mat (t2 mm), nozzle height gauge (t1.5 mm, 1set)<\/p>\n<p>&nbsp;<\/p>\n<p><b><strong>Options <\/strong>: <\/b>Turntable \u03c6130 mm specification, sample outer circumference holding ring (split-clamping collar type)<sup>*1<\/sup>\u00a0, vacuum sensor (digital display), safety cover with interlock<\/p>\n<p>&nbsp;<\/p>\n<p><b><strong>Power Source<\/strong>: <\/b>AC 100 V, 1-phase, 15 A, 50\/60 Hz , <span class=\"s1\">AC 100 V 1-phase 20 A 50\/60 Hz\u00a0<\/span><span class=\"s2\">*Requires 2 sockets.<\/span><\/p>\n<p>&nbsp;<\/p>\n<p><span style=\"font-weight: 400;\"><strong>Dimensions and Weight (Approx.) <b>:<\/b><\/strong>W370\u00d7D350\u00d7H450 mm, 25 kg , W710\u00d7D370\u00d7H450 mm, 50 kg<\/span><\/p>\n<p>&nbsp;<\/p>\n<p>&nbsp;<\/p>","protected":false},"excerpt":{"rendered":"<p>\u0e40\u0e04\u0e23\u0e37\u0e48\u0e2d\u0e07\u0e17\u0e14\u0e2a\u0e2d\u0e1a\u0e04\u0e27\u0e32\u0e21\u0e17\u0e19\u0e17\u0e32\u0e19\u0e15\u0e48\u0e2d\u0e01\u0e32\u0e23\u0e02\u0e31\u0e14\u0e16\u0e39\u0e23\u0e30\u0e1a\u0e1a Taber \u0e2b\u0e23\u0e31\u0e1a\u0e1b\u0e23\u0e30\u0e40\u0e21\u0e34\u0e19 \u0e04\u0e27\u0e32\u0e21\u0e17\u0e19\u0e17\u0e32\u0e19\u0e15\u0e48\u0e2d\u0e01\u0e32\u0e23\u0e02\u0e31\u0e14\u0e16\u0e39 (Abrading Endurance) \u0e02\u0e2d\u0e07\u0e27\u0e31\u0e2a\u0e14\u0e38\u0e17\u0e35\u0e48\u0e21\u0e35\u0e1c\u0e34\u0e27\u0e2b\u0e19\u0e49\u0e32\u0e40\u0e23\u0e35\u0e22\u0e1a \u0e40\u0e21\u0e37\u0e48\u0e2d\u0e16\u0e39\u0e01\u0e02\u0e31\u0e14\u0e16\u0e39\u0e14\u0e49\u0e27\u0e22\u0e25\u0e49\u0e2d\u0e02\u0e31\u0e14 (Abrading Wheel) \u0e1c\u0e39\u0e49\u0e1b\u0e0f\u0e34\u0e1a\u0e31\u0e15\u0e34\u0e07\u0e32\u0e19\u0e08\u0e30\u0e27\u0e32\u0e07\u0e25\u0e49\u0e2d\u0e02\u0e31\u0e14\u0e25\u0e07\u0e1a\u0e19\u0e0a\u0e34\u0e49\u0e19\u0e07\u0e32\u0e19\u0e17\u0e35\u0e48\u0e01\u0e33\u0e25\u0e31\u0e07\u0e2b\u0e21\u0e38\u0e19\u0e14\u0e49\u0e27\u0e22\u0e41\u0e23\u0e07\u0e01\u0e14 (Load) \u0e17\u0e35\u0e48\u0e01\u0e33\u0e2b\u0e19\u0e14\u0e44\u0e27\u0e49 \u0e40\u0e1e\u0e37\u0e48\u0e2d\u0e17\u0e33\u0e01\u0e32\u0e23\u0e02\u0e31\u0e14\u0e16\u0e39\u0e1c\u0e34\u0e27\u0e2b\u0e19\u0e49\u0e32\u0e0a\u0e34\u0e49\u0e19\u0e07\u0e32\u0e19 \u0e40\u0e21\u0e37\u0e48\u0e2d\u0e01\u0e32\u0e23\u0e17\u0e14\u0e2a\u0e2d\u0e1a\u0e40\u0e2a\u0e23\u0e47\u0e08\u0e2a\u0e34\u0e49\u0e19 \u0e08\u0e30\u0e17\u0e33\u0e01\u0e32\u0e23\u0e27\u0e31\u0e14\u0e1c\u0e25\u0e08\u0e32\u0e01 \u0e21\u0e27\u0e25\u0e17\u0e35\u0e48\u0e2b\u0e32\u0e22\u0e44\u0e1b, \u0e1b\u0e23\u0e34\u0e21\u0e32\u0e15\u0e23, \u0e04\u0e27\u0e32\u0e21\u0e2b\u0e19\u0e32 \u0e2b\u0e23\u0e37\u0e2d\u0e04\u0e27\u0e32\u0e21\u0e41\u0e15\u0e01\u0e15\u0e48\u0e32\u0e07\u0e17\u0e32\u0e07\u0e2d\u0e2d\u0e1e\u0e15\u0e34\u0e04\u0e31\u0e25 (\u0e04\u0e27\u0e32\u0e21\u0e43\u0e2a\/\u0e02\u0e38\u0e48\u0e19) \u0e02\u0e2d\u0e07\u0e0a\u0e34\u0e49\u0e19\u0e07\u0e32\u0e19 \u0e40\u0e04\u0e23\u0e37\u0e48\u0e2d\u0e07\u0e19\u0e35\u0e49\u0e16\u0e39\u0e01\u0e43\u0e0a\u0e49\u0e2d\u0e22\u0e48\u0e32\u0e07\u0e41\u0e1e\u0e23\u0e48\u0e2b\u0e25\u0e32\u0e22\u0e43\u0e19\u0e01\u0e32\u0e23\u0e17\u0e14\u0e2a\u0e2d\u0e1a\u0e1e\u0e25\u0e32\u0e2a\u0e15\u0e34\u0e01, \u0e22\u0e32\u0e07, \u0e41\u0e1c\u0e48\u0e19\u0e25\u0e32\u0e21\u0e34\u0e40\u0e19\u0e15\u0e15\u0e01\u0e41\u0e15\u0e48\u0e07, \u0e2b\u0e19\u0e31\u0e07, \u0e01\u0e23\u0e30\u0e14\u0e32\u0e29 \u0e41\u0e25\u0e30\u0e1e\u0e37\u0e49\u0e19\u0e1c\u0e34\u0e27\u0e17\u0e35\u0e48\u0e1c\u0e48\u0e32\u0e19\u0e01\u0e32\u0e23\u0e1e\u0e48\u0e19\u0e2a\u0e35<\/p>","protected":false},"featured_media":1262,"template":"","meta":[],"product_brand":[17],"product_cat":[16],"product_tag":[48,43,44,42,19,20,41],"class_list":{"0":"post-681","1":"product","2":"type-product","3":"status-publish","4":"has-post-thumbnail","6":"product_brand-yasuda-seiki","7":"product_cat-tester","8":"product_tag-48","9":"product_tag-dyeing-paint-pigment-ink","10":"product_tag-leather-vinyl-leather-cloth","11":"product_tag-paper-pulp-cardboard-packaging","12":"product_tag-plastic","13":"product_tag-rubber","14":"product_tag-textile-fiber","16":"first","17":"instock","18":"shipping-taxable","19":"product-type-simple"},"_links":{"self":[{"href":"https:\/\/smartphat.com\/en\/wp-json\/wp\/v2\/product\/681","targetHints":{"allow":["GET"]}}],"collection":[{"href":"https:\/\/smartphat.com\/en\/wp-json\/wp\/v2\/product"}],"about":[{"href":"https:\/\/smartphat.com\/en\/wp-json\/wp\/v2\/types\/product"}],"wp:featuredmedia":[{"embeddable":true,"href":"https:\/\/smartphat.com\/en\/wp-json\/wp\/v2\/media\/1262"}],"wp:attachment":[{"href":"https:\/\/smartphat.com\/en\/wp-json\/wp\/v2\/media?parent=681"}],"wp:term":[{"taxonomy":"product_brand","embeddable":true,"href":"https:\/\/smartphat.com\/en\/wp-json\/wp\/v2\/product_brand?post=681"},{"taxonomy":"product_cat","embeddable":true,"href":"https:\/\/smartphat.com\/en\/wp-json\/wp\/v2\/product_cat?post=681"},{"taxonomy":"product_tag","embeddable":true,"href":"https:\/\/smartphat.com\/en\/wp-json\/wp\/v2\/product_tag?post=681"}],"curies":[{"name":"wp","href":"https:\/\/api.w.org\/{rel}","templated":true}]}}