{"id":685,"date":"2026-03-04T12:02:26","date_gmt":"2026-03-04T12:02:26","guid":{"rendered":"https:\/\/smartphat.com\/?post_type=product&#038;p=685"},"modified":"2026-03-27T17:30:07","modified_gmt":"2026-03-27T17:30:07","slug":"de-mattia-flex-cracking-and-crack-growth-tester-with-refrigerating-machine","status":"publish","type":"product","link":"https:\/\/smartphat.com\/en\/de-mattia-flex-cracking-and-crack-growth-tester-with-refrigerating-machine\/","title":{"rendered":"DE MATTIA FLEX-CRACKING AND CRACK GROWTH TESTER (WITH REFRIGERATING MACHINE) | 119-L"},"content":{"rendered":"<h3><b>Specification<\/b><\/h3>\n<p>&nbsp;<\/p>\n<p><b>Model\u00a0 <\/b>119-L , 119-H<\/p>\n<p>&nbsp;<\/p>\n<p><b>Number of Test Samples : <\/b>6 samples or 20 samples per test<\/p>\n<p>&nbsp;<\/p>\n<p><b>Test Sample : <\/b><span class=\"s1\">Width 25 \u00b1 1 mm, length 140\u2013155 mm,\u00a0<\/span><span class=\"s1\">thickness 6.30 \u00b1 0.30 mm, groove radius R2.38 \u00b1 0.03 mm<\/span><\/p>\n<p>&nbsp;<\/p>\n<p><b>Grip Distance : <\/b>Max. 75 \uff0b1\/-0 mm<\/p>\n<p>&nbsp;<\/p>\n<p><b>Travel Distance <\/b><span style=\"font-weight: 400;\">: Max. 60 mm (Standard 57 +0.5\/-0 mm)<\/span><\/p>\n<p>&nbsp;<\/p>\n<p><b>Flexing Cycle : <\/b><span style=\"font-weight: 400;\">300 \u00b1 10 cycles per minute<\/span><\/p>\n<p>&nbsp;<\/p>\n<p><b><strong>Counter<\/strong> : <\/b>8 digit preset counter and 8 digit total counter<\/p>\n<p>&nbsp;<\/p>\n<p><b>Temperature: <\/b>-35\u2013150\u00b0C (refrigeration control) <span style=\"font-weight: 400;\">, Room temperature + 25\u2013150\u00b0C<\/span><\/p>\n<p>&nbsp;<\/p>\n<p><b><strong>Accessories<\/strong> : <\/b>Grip distance gauge, piercing blade<\/p>\n<p>&nbsp;<\/p>\n<p><b><strong>Option<\/strong> :\u00a0 <\/b><span style=\"font-weight: 400;\"><span class=\"s1\">Piercing tool set,\u00a0<\/span>CSV file output<\/span><\/p>\n<p>&nbsp;<\/p>\n<p><b><strong>Power Source <\/strong>: <\/b>AC 200 V 3-phase 40 A 50\/60 Hz , AC 200 V 3-phase 30 A 50\/60 Hz<span style=\"font-weight: 400;\"><br \/>\n<\/span><\/p>\n<p>&nbsp;<\/p>\n<p><b><span class=\"s1\">Dimensions and Weight\u00a0<\/span><strong>(Approx.)<\/strong>:<\/b>6 samples: W960\u00d7D850\u00d7H1,750 mm, 500 kg 20 samples: W960\u00d7D850\u00d7H1,750 mm, 520 kg<\/p>\n<p>&nbsp;<\/p>","protected":false},"excerpt":{"rendered":"<p>\u0e40\u0e04\u0e23\u0e37\u0e48\u0e2d\u0e07\u0e17\u0e14\u0e2a\u0e2d\u0e1a\u0e01\u0e32\u0e23\u0e25\u0e49\u0e32 \u0e17\u0e14\u0e2a\u0e2d\u0e1a\u0e04\u0e27\u0e32\u0e21\u0e17\u0e19\u0e17\u0e32\u0e19\u0e15\u0e48\u0e2d\u0e01\u0e32\u0e23\u0e2b\u0e31\u0e01\u0e07\u0e2d\u0e02\u0e2d\u0e07\u0e27\u0e31\u0e2a\u0e14\u0e38 \u0e22\u0e32\u0e07\u0e41\u0e25\u0e30\u0e1e\u0e25\u0e32\u0e2a\u0e15\u0e34\u0e01 \u0e40\u0e1e\u0e37\u0e48\u0e2d\u0e27\u0e34\u0e40\u0e04\u0e23\u0e32\u0e30\u0e2b\u0e4c\u0e01\u0e32\u0e23\u0e40\u0e01\u0e34\u0e14\u0e23\u0e2d\u0e22\u0e41\u0e15\u0e01\u0e2b\u0e23\u0e37\u0e2d\u0e01\u0e32\u0e23\u0e02\u0e22\u0e32\u0e22\u0e15\u0e31\u0e27\u0e02\u0e2d\u0e07\u0e23\u0e2d\u0e22\u0e41\u0e15\u0e01\u0e40\u0e21\u0e37\u0e48\u0e2d\u0e27\u0e31\u0e2a\u0e14\u0e38\u0e16\u0e39\u0e01\u0e07\u0e2d\u0e0b\u0e49\u0e33\u0e46 \u0e2b\u0e25\u0e32\u0e22\u0e04\u0e23\u0e31\u0e49\u0e07 \u0e1e\u0e23\u0e49\u0e2d\u0e21\u0e01\u0e31\u0e1a\u0e40\u0e04\u0e23\u0e37\u0e48\u0e2d\u0e07\u0e17\u0e33\u0e04\u0e27\u0e32\u0e21\u0e40\u0e22\u0e47\u0e19 \u0e0b\u0e36\u0e48\u0e07\u0e0a\u0e48\u0e27\u0e22\u0e43\u0e2b\u0e49\u0e2a\u0e32\u0e21\u0e32\u0e23\u0e16\u0e17\u0e14\u0e2a\u0e2d\u0e1a\u0e01\u0e32\u0e23\u0e14\u0e31\u0e14\u0e07\u0e2d\u0e41\u0e25\u0e30\u0e01\u0e32\u0e23\u0e40\u0e15\u0e34\u0e1a\u0e42\u0e15\u0e02\u0e2d\u0e07\u0e23\u0e2d\u0e22\u0e41\u0e15\u0e01\u0e43\u0e19\u0e27\u0e31\u0e2a\u0e14\u0e38\u0e17\u0e35\u0e48\u0e2d\u0e38\u0e13\u0e2b\u0e20\u0e39\u0e21\u0e34\u0e15\u0e48\u0e33\u0e44\u0e14\u0e49.<\/p>","protected":false},"featured_media":1273,"template":"","meta":[],"product_brand":[17],"product_cat":[16],"product_tag":[48,44,19,20],"class_list":{"0":"post-685","1":"product","2":"type-product","3":"status-publish","4":"has-post-thumbnail","6":"product_brand-yasuda-seiki","7":"product_cat-tester","8":"product_tag-48","9":"product_tag-leather-vinyl-leather-cloth","10":"product_tag-plastic","11":"product_tag-rubber","13":"first","14":"instock","15":"shipping-taxable","16":"product-type-simple"},"_links":{"self":[{"href":"https:\/\/smartphat.com\/en\/wp-json\/wp\/v2\/product\/685","targetHints":{"allow":["GET"]}}],"collection":[{"href":"https:\/\/smartphat.com\/en\/wp-json\/wp\/v2\/product"}],"about":[{"href":"https:\/\/smartphat.com\/en\/wp-json\/wp\/v2\/types\/product"}],"wp:featuredmedia":[{"embeddable":true,"href":"https:\/\/smartphat.com\/en\/wp-json\/wp\/v2\/media\/1273"}],"wp:attachment":[{"href":"https:\/\/smartphat.com\/en\/wp-json\/wp\/v2\/media?parent=685"}],"wp:term":[{"taxonomy":"product_brand","embeddable":true,"href":"https:\/\/smartphat.com\/en\/wp-json\/wp\/v2\/product_brand?post=685"},{"taxonomy":"product_cat","embeddable":true,"href":"https:\/\/smartphat.com\/en\/wp-json\/wp\/v2\/product_cat?post=685"},{"taxonomy":"product_tag","embeddable":true,"href":"https:\/\/smartphat.com\/en\/wp-json\/wp\/v2\/product_tag?post=685"}],"curies":[{"name":"wp","href":"https:\/\/api.w.org\/{rel}","templated":true}]}}