{"id":760,"date":"2026-03-04T12:02:37","date_gmt":"2026-03-04T12:02:37","guid":{"rendered":"https:\/\/smartphat.com\/?post_type=product&#038;p=760"},"modified":"2026-03-27T13:57:30","modified_gmt":"2026-03-27T13:57:30","slug":"du-pont-type-falling-impact-tester-with-refrigerating-machine","status":"publish","type":"product","link":"https:\/\/smartphat.com\/en\/du-pont-type-falling-impact-tester-with-refrigerating-machine\/","title":{"rendered":"DU PONT TYPE FALLING IMPACT TESTER (WITH REFRIGERATING MACHINE)  | 517-L"},"content":{"rendered":"<h3><b>Specification<\/b><\/h3>\n<p>&nbsp;<\/p>\n<p><b><strong>Temperature Range <\/strong>: <\/b>-35 to 60 \u00b0C (Refrigerator) , -35 to 60 \u00b0C (Refrigerator)<\/p>\n<p>&nbsp;<\/p>\n<p><b><strong>Power Source <\/strong>:<\/b> AC 200 V, 3-Phase, 20 A, 50\/60 Hz , AC 200 V, 3-Phase, 20 A, 50\/60 Hz<\/p>\n<p>&nbsp;<\/p>\n<p><b><strong>Dimensions\/ Weight (Approx.) <\/strong>: <\/b>W1,000 \u00d7 D1,000 \u00d7 H1,600mm, 330 kg , W1,000 \u00d7 D1,000 \u00d7 H1,900mm, 340 kg<\/p>\n<p>&nbsp;<\/p>","protected":false},"excerpt":{"rendered":"<p>\u0e40\u0e04\u0e23\u0e37\u0e48\u0e2d\u0e07\u0e17\u0e14\u0e2a\u0e2d\u0e1a\u0e41\u0e23\u0e07\u0e01\u0e23\u0e30\u0e41\u0e17\u0e01\u0e41\u0e1a\u0e1a\u0e15\u0e01\u0e2b\u0e25\u0e48\u0e19\u0e0a\u0e19\u0e34\u0e14\u0e14\u0e39\u0e1b\u0e2d\u0e07\u0e17\u0e4c (\u0e1e\u0e23\u0e49\u0e2d\u0e21\u0e40\u0e04\u0e23\u0e37\u0e48\u0e2d\u0e07\u0e17\u0e33\u0e04\u0e27\u0e32\u0e21\u0e40\u0e22\u0e47\u0e19) \u0e21\u0e35\u0e2b\u0e49\u0e2d\u0e07\u0e04\u0e27\u0e1a\u0e04\u0e38\u0e21\u0e2d\u0e38\u0e13\u0e2b\u0e20\u0e39\u0e21\u0e34\u0e15\u0e48\u0e33\u0e17\u0e35\u0e48\u0e2a\u0e32\u0e21\u0e32\u0e23\u0e16\u0e43\u0e0a\u0e49\u0e2a\u0e33\u0e2b\u0e23\u0e31\u0e1a\u0e01\u0e32\u0e23\u0e17\u0e14\u0e2a\u0e2d\u0e1a\u0e41\u0e23\u0e07\u0e01\u0e23\u0e30\u0e41\u0e17\u0e01\u0e43\u0e19\u0e2a\u0e20\u0e32\u0e1e\u0e2d\u0e38\u0e13\u0e2b\u0e20\u0e39\u0e21\u0e34\u0e15\u0e48\u0e33 \u0e2a\u0e33\u0e2b\u0e23\u0e31\u0e1a\u0e1b\u0e23\u0e30\u0e40\u0e21\u0e34\u0e19\u0e04\u0e27\u0e32\u0e21\u0e17\u0e19\u0e17\u0e32\u0e19\u0e15\u0e48\u0e2d\u0e41\u0e23\u0e07\u0e01\u0e23\u0e30\u0e41\u0e17\u0e01\u0e08\u0e32\u0e01\u0e19\u0e49\u0e33\u0e2b\u0e19\u0e31\u0e01\u0e17\u0e35\u0e48\u0e15\u0e01\u0e25\u0e07\u0e21\u0e32\u0e02\u0e2d\u0e07\u0e1f\u0e34\u0e25\u0e4c\u0e21\u0e40\u0e04\u0e25\u0e37\u0e2d\u0e1a\u0e41\u0e25\u0e30\u0e04\u0e27\u0e32\u0e21\u0e41\u0e02\u0e47\u0e07\u0e41\u0e23\u0e07\u0e40\u0e09\u0e1e\u0e32\u0e30\u0e08\u0e38\u0e14\u0e02\u0e2d\u0e07\u0e1f\u0e34\u0e25\u0e4c\u0e21\u0e1e\u0e25\u0e32\u0e2a\u0e15\u0e34\u0e01 \u0e42\u0e14\u0e22\u0e01\u0e32\u0e23\u0e15\u0e34\u0e14\u0e15\u0e31\u0e49\u0e07\u0e15\u0e31\u0e27\u0e2d\u0e22\u0e48\u0e32\u0e07\u0e17\u0e14\u0e2a\u0e2d\u0e1a\u0e23\u0e30\u0e2b\u0e27\u0e48\u0e32\u0e07\u0e41\u0e21\u0e48\u0e1e\u0e34\u0e21\u0e1e\u0e4c\u0e41\u0e25\u0e30\u0e2b\u0e21\u0e31\u0e14 \u0e08\u0e32\u0e01\u0e19\u0e31\u0e49\u0e19\u0e1b\u0e25\u0e48\u0e2d\u0e22\u0e19\u0e49\u0e33\u0e2b\u0e19\u0e31\u0e01\u0e08\u0e32\u0e01\u0e04\u0e27\u0e32\u0e21\u0e2a\u0e39\u0e07\u0e17\u0e35\u0e48\u0e01\u0e33\u0e2b\u0e19\u0e14 \u0e2b\u0e25\u0e31\u0e07\u0e08\u0e32\u0e01\u0e19\u0e49\u0e33\u0e2b\u0e19\u0e31\u0e01\u0e15\u0e01\u0e25\u0e07\u0e21\u0e32 \u0e1c\u0e39\u0e49\u0e43\u0e0a\u0e49\u0e07\u0e32\u0e19\u0e08\u0e30\u0e15\u0e23\u0e27\u0e08\u0e2a\u0e2d\u0e1a\u0e01\u0e32\u0e23\u0e40\u0e1b\u0e25\u0e35\u0e48\u0e22\u0e19\u0e23\u0e39\u0e1b \u0e23\u0e2d\u0e22\u0e41\u0e15\u0e01 \u0e41\u0e25\u0e30\u0e01\u0e32\u0e23\u0e25\u0e2d\u0e01\u0e17\u0e35\u0e48\u0e40\u0e01\u0e34\u0e14\u0e08\u0e32\u0e01\u0e41\u0e23\u0e07\u0e01\u0e23\u0e30\u0e41\u0e17\u0e01<\/p>","protected":false},"featured_media":1332,"template":"","meta":[],"product_brand":[17],"product_cat":[16],"product_tag":[48,43,19,20],"class_list":{"0":"post-760","1":"product","2":"type-product","3":"status-publish","4":"has-post-thumbnail","6":"product_brand-yasuda-seiki","7":"product_cat-tester","8":"product_tag-48","9":"product_tag-dyeing-paint-pigment-ink","10":"product_tag-plastic","11":"product_tag-rubber","13":"first","14":"instock","15":"shipping-taxable","16":"product-type-simple"},"_links":{"self":[{"href":"https:\/\/smartphat.com\/en\/wp-json\/wp\/v2\/product\/760","targetHints":{"allow":["GET"]}}],"collection":[{"href":"https:\/\/smartphat.com\/en\/wp-json\/wp\/v2\/product"}],"about":[{"href":"https:\/\/smartphat.com\/en\/wp-json\/wp\/v2\/types\/product"}],"wp:featuredmedia":[{"embeddable":true,"href":"https:\/\/smartphat.com\/en\/wp-json\/wp\/v2\/media\/1332"}],"wp:attachment":[{"href":"https:\/\/smartphat.com\/en\/wp-json\/wp\/v2\/media?parent=760"}],"wp:term":[{"taxonomy":"product_brand","embeddable":true,"href":"https:\/\/smartphat.com\/en\/wp-json\/wp\/v2\/product_brand?post=760"},{"taxonomy":"product_cat","embeddable":true,"href":"https:\/\/smartphat.com\/en\/wp-json\/wp\/v2\/product_cat?post=760"},{"taxonomy":"product_tag","embeddable":true,"href":"https:\/\/smartphat.com\/en\/wp-json\/wp\/v2\/product_tag?post=760"}],"curies":[{"name":"wp","href":"https:\/\/api.w.org\/{rel}","templated":true}]}}